{"id":8077,"date":"2013-05-31T11:58:45","date_gmt":"2013-05-31T11:58:45","guid":{"rendered":"http:\/\/megatherm.com.br\/servicos\/"},"modified":"2020-09-25T12:23:18","modified_gmt":"2020-09-25T12:23:18","slug":"services","status":"publish","type":"page","link":"https:\/\/megatherm.com.br\/en\/services\/","title":{"rendered":"Services"},"content":{"rendered":"<div class=\"wpb-content-wrapper\"><section class=\"l-section wpb_row height_large color_primary with_img parallax_hor bgwidth_120 with_overlay\"><div class=\"l-section-img\" style=\"background-image: url(https:\/\/megatherm.com.br\/wp-content\/uploads\/2019\/08\/1920x760.jpg);\" data-img-width=\"1920\" data-img-height=\"760\"><\/div><div class=\"l-section-overlay\" style=\"background: rgba(2,2,2,0.67)\"><\/div><div class=\"l-section-h i-cf\"><div class=\"g-cols vc_row type_default valign_top\"><div class=\"vc_col-sm-12 wpb_column vc_column_container\"><div class=\"vc_column-inner\"><div class=\"wpb_wrapper\">[vc_custom_heading text=&#8221;Nossos servi\u00e7os&#8221; font_container=&#8221;tag:h1|font_size:60|text_align:center&#8221; use_theme_fonts=&#8221;yes&#8221;]<div class=\"w-iconbox iconpos_top style_default color_custom align_center no_title no_text\"><a class=\"w-iconbox-link\" href=\"#intro\" aria-hidden=\"true\"><div class=\"w-iconbox-icon\" style=\"font-size:2rem;color:#ffffff;\"><i class=\"far fa-chevron-down\"><\/i><\/div><\/a><div class=\"w-iconbox-meta\"><\/div><\/div><div class=\"w-separator size_medium\"><\/div><\/div><\/div><\/div><\/div><\/div><\/section><section class=\"l-section wpb_row height_large\" id=\"about\"><div class=\"l-section-h i-cf\"><div class=\"g-cols vc_row type_default valign_middle\"><div class=\"vc_col-sm-6 wpb_column vc_column_container\"><div class=\"vc_column-inner\"><div class=\"wpb_wrapper\">\r\n\t<div class=\"wpb_text_column \">\r\n\t\t<div class=\"wpb_wrapper\">\r\n\t\t\t<p>Solu\u00e7\u00f5es para Ind\u00fastrias<\/p>\n\r\n\t\t<\/div>\r\n\t<\/div>\r\n\r\n\t<div class=\"wpb_text_column \">\r\n\t\t<div class=\"wpb_wrapper\">\r\n\t\t\t<h2>Isola\u00e7\u00e3o t\u00e9rmica e ac\u00fastica<\/h2>\n<p>A Megatherm oferece solu\u00e7\u00f5es eficientes de isolamento t\u00e9rmico objetivando a convserva\u00e7\u00e3o energ\u00e9tica e a redu\u00e7\u00e3o de riscos operacionais. Nossa equipe t\u00e9cnica especializada e com ampla experi\u00eancia no mercado industrial, est\u00e1 apta a oferecer a melhor solu\u00e7\u00e3o para o seu projeto.<\/p>\n\r\n\t\t<\/div>\r\n\t<\/div>\r\n<div class=\"w-separator size_medium\"><\/div><div class=\"w-btn-wrapper width_auto align_left\"><a class=\"w-btn us-btn-style_2\" href=\"http:\/\/megatherm.com.br\/isolacao-termica-e-acustica\/\"><span class=\"w-btn-label\">Saiba mais<\/span><\/a><\/div><div class=\"w-btn-wrapper width_auto align_left\"><a class=\"w-btn us-btn-style_1\" href=\"http:\/\/megatherm.com.br\/produtos\/\"><span class=\"w-btn-label\">Nossos Produtos<\/span><\/a><\/div><\/div><\/div><\/div><div class=\"vc_col-sm-6 wpb_column vc_column_container\"><div class=\"vc_column-inner\"><div class=\"wpb_wrapper\"><div class=\"w-image align_center\"><div class=\"w-image-h\"><img loading=\"lazy\" decoding=\"async\" width=\"640\" height=\"640\" src=\"https:\/\/megatherm.com.br\/wp-content\/uploads\/2019\/08\/isola-1024x1024.jpg\" class=\"attachment-large size-large\" alt=\"\" srcset=\"https:\/\/megatherm.com.br\/wp-content\/uploads\/2019\/08\/isola-1024x1024.jpg 1024w, https:\/\/megatherm.com.br\/wp-content\/uploads\/2019\/08\/isola-150x150.jpg 150w, https:\/\/megatherm.com.br\/wp-content\/uploads\/2019\/08\/isola-300x300.jpg 300w, https:\/\/megatherm.com.br\/wp-content\/uploads\/2019\/08\/isola-600x600.jpg 600w, https:\/\/megatherm.com.br\/wp-content\/uploads\/2019\/08\/isola.jpg 1200w\" sizes=\"auto, (max-width: 640px) 100vw, 640px\" \/><\/div><\/div><\/div><\/div><\/div><\/div><\/div><\/section><section class=\"l-section wpb_row height_large\"><div class=\"l-section-h i-cf\"><div class=\"g-cols vc_row type_default valign_middle\"><div class=\"vc_col-sm-6 wpb_column vc_column_container\"><div class=\"vc_column-inner\"><div class=\"wpb_wrapper\"><div class=\"w-image align_center\"><div class=\"w-image-h\"><img loading=\"lazy\" decoding=\"async\" width=\"640\" height=\"640\" src=\"https:\/\/megatherm.com.br\/wp-content\/uploads\/2019\/08\/termica-1024x1024.jpg\" class=\"attachment-large size-large\" alt=\"\" srcset=\"https:\/\/megatherm.com.br\/wp-content\/uploads\/2019\/08\/termica-1024x1024.jpg 1024w, https:\/\/megatherm.com.br\/wp-content\/uploads\/2019\/08\/termica-150x150.jpg 150w, https:\/\/megatherm.com.br\/wp-content\/uploads\/2019\/08\/termica-300x300.jpg 300w, https:\/\/megatherm.com.br\/wp-content\/uploads\/2019\/08\/termica-600x600.jpg 600w, https:\/\/megatherm.com.br\/wp-content\/uploads\/2019\/08\/termica.jpg 1200w\" sizes=\"auto, (max-width: 640px) 100vw, 640px\" \/><\/div><\/div><\/div><\/div><\/div><div class=\"vc_col-sm-6 wpb_column vc_column_container\"><div class=\"vc_column-inner\"><div class=\"wpb_wrapper\">\r\n\t<div class=\"wpb_text_column \">\r\n\t\t<div class=\"wpb_wrapper\">\r\n\t\t\t<p>Solu\u00e7\u00f5es Offshore<\/p>\n\r\n\t\t<\/div>\r\n\t<\/div>\r\n\r\n\t<div class=\"wpb_text_column \">\r\n\t\t<div class=\"wpb_wrapper\">\r\n\t\t\t<h2>Prote\u00e7\u00e3o passiva contra fogo<\/h2>\n<p>Quando se refere a prote\u00e7\u00e3o contra inc\u00eandio, em constru\u00e7\u00e3o, costuma-se ouvir &#8220;prote\u00e7\u00e3o ativa e passiva&#8221; contra inc\u00eandio. A Ativa s\u00e3o equipamentos e\u00a0 medidas de combate o fogo e a passiva s\u00e3o materiais e solu\u00e7\u00f5es que aumentam o tempo de resist\u00eancia contra o foto e suas consequ\u00eancias. Nossa equipe t\u00e9cnica est\u00e1 apta a oferecer as melhores solu\u00e7\u00f5es personalizadas para o seu projeto.<\/p>\n\r\n\t\t<\/div>\r\n\t<\/div>\r\n<div class=\"w-separator size_medium\"><\/div><div class=\"w-btn-wrapper width_auto align_left\"><a class=\"w-btn us-btn-style_2\" href=\"http:\/\/megatherm.com.br\/protecao-passiva-contra-fogo\/\"><span class=\"w-btn-label\">Saiba mais<\/span><\/a><\/div><div class=\"w-btn-wrapper width_auto align_left\"><a class=\"w-btn us-btn-style_1\" href=\"http:\/\/megatherm.com.br\/produtos\/\"><span class=\"w-btn-label\">Nossos Produtos<\/span><\/a><\/div><\/div><\/div><\/div><\/div><\/div><\/section><section class=\"l-section wpb_row height_large\"><div class=\"l-section-h i-cf\"><div class=\"g-cols vc_row type_default valign_middle\"><div class=\"vc_col-sm-6 wpb_column vc_column_container\"><div class=\"vc_column-inner\"><div class=\"wpb_wrapper\">\r\n\t<div class=\"wpb_text_column \">\r\n\t\t<div class=\"wpb_wrapper\">\r\n\t\t\t<p>Megatherm Solu\u00e7\u00f5es<\/p>\n\r\n\t\t<\/div>\r\n\t<\/div>\r\n\r\n\t<div class=\"wpb_text_column \">\r\n\t\t<div class=\"wpb_wrapper\">\r\n\t\t\t<h2>Refrat\u00e1rios e veda\u00e7\u00f5es industriais<\/h2>\n<p>Sed ut perspiciatis unde omnis iste natus error sit voluptatem accusantium doloremque laudantium, totam rem aperiam, eaque ipsa quae ab illo inventore veritatis et quasi architecto beatae vitae dicta sunt explicabo.<\/p>\n\r\n\t\t<\/div>\r\n\t<\/div>\r\n<div class=\"w-separator size_medium\"><\/div><div class=\"w-btn-wrapper width_auto align_left\"><a class=\"w-btn us-btn-style_2\" href=\"http:\/\/megatherm.com.br\/refratarios-e-vedacoes-industriais\/\"><span class=\"w-btn-label\">Saiba mais<\/span><\/a><\/div><div class=\"w-btn-wrapper width_auto align_left\"><a class=\"w-btn us-btn-style_1\" href=\"https:\/\/uxparamarketingdigital.com.br\/megatherm\/produtos\/\"><span class=\"w-btn-label\">Nossos Produtos<\/span><\/a><\/div><\/div><\/div><\/div><div class=\"vc_col-sm-6 wpb_column vc_column_container\"><div class=\"vc_column-inner\"><div class=\"wpb_wrapper\"><div class=\"w-image align_center\"><div class=\"w-image-h\"><img loading=\"lazy\" decoding=\"async\" width=\"640\" height=\"640\" src=\"https:\/\/megatherm.com.br\/wp-content\/uploads\/2019\/08\/refra-1024x1024.jpg\" class=\"attachment-large size-large\" alt=\"\" srcset=\"https:\/\/megatherm.com.br\/wp-content\/uploads\/2019\/08\/refra-1024x1024.jpg 1024w, https:\/\/megatherm.com.br\/wp-content\/uploads\/2019\/08\/refra-150x150.jpg 150w, https:\/\/megatherm.com.br\/wp-content\/uploads\/2019\/08\/refra-300x300.jpg 300w, https:\/\/megatherm.com.br\/wp-content\/uploads\/2019\/08\/refra-600x600.jpg 600w, https:\/\/megatherm.com.br\/wp-content\/uploads\/2019\/08\/refra.jpg 1200w\" sizes=\"auto, (max-width: 640px) 100vw, 640px\" \/><\/div><\/div><\/div><\/div><\/div><\/div><\/div><\/section><section class=\"l-section wpb_row height_large\"><div class=\"l-section-h i-cf\"><div class=\"g-cols vc_row type_default valign_middle\"><div class=\"vc_col-sm-6 wpb_column vc_column_container\"><div class=\"vc_column-inner\"><div class=\"wpb_wrapper\"><div class=\"w-image align_center\"><div class=\"w-image-h\"><img loading=\"lazy\" decoding=\"async\" width=\"640\" height=\"640\" src=\"https:\/\/megatherm.com.br\/wp-content\/uploads\/2019\/08\/protecao-1024x1024.jpg\" class=\"attachment-large size-large\" alt=\"\" srcset=\"https:\/\/megatherm.com.br\/wp-content\/uploads\/2019\/08\/protecao-1024x1024.jpg 1024w, https:\/\/megatherm.com.br\/wp-content\/uploads\/2019\/08\/protecao-150x150.jpg 150w, https:\/\/megatherm.com.br\/wp-content\/uploads\/2019\/08\/protecao-300x300.jpg 300w, https:\/\/megatherm.com.br\/wp-content\/uploads\/2019\/08\/protecao-600x600.jpg 600w, https:\/\/megatherm.com.br\/wp-content\/uploads\/2019\/08\/protecao.jpg 1200w\" sizes=\"auto, (max-width: 640px) 100vw, 640px\" \/><\/div><\/div><\/div><\/div><\/div><div class=\"vc_col-sm-6 wpb_column vc_column_container\"><div class=\"vc_column-inner\"><div class=\"wpb_wrapper\">\r\n\t<div class=\"wpb_text_column \">\r\n\t\t<div class=\"wpb_wrapper\">\r\n\t\t\t<p>Solu\u00e7\u00f5es para Constru\u00e7\u00e3o Civil<\/p>\n\r\n\t\t<\/div>\r\n\t<\/div>\r\n\r\n\t<div class=\"wpb_text_column \">\r\n\t\t<div class=\"wpb_wrapper\">\r\n\t\t\t<h2>Prote\u00e7\u00e3o Ambiental<\/h2>\n<p>S\u00e3o conjuntos de solu\u00e7\u00f5es para uma \u00e1rea com certo grau de ocupa\u00e7\u00e3o humana, dotada de atributos abi\u00f3ticos, bi\u00f3ticos, est\u00e9ticos ou culturais especialmente importantes para a qualidade de vida e o bem-estar das popula\u00e7\u00f5es humanas, e tem como objetivos b\u00e1sicos proteger a diversidade biol\u00f3gica, disciplinar ou projetos de ocupa\u00e7\u00e3o\u00a0 e assegurar a sustentabilidade do uso dos recursos naturais. Nossa equipe t\u00e9cnica est\u00e1 apta para oferecer solu\u00e7\u00f5es personalizadas para o seu projeto.<\/p>\n\r\n\t\t<\/div>\r\n\t<\/div>\r\n<div class=\"w-separator size_medium\"><\/div><div class=\"w-btn-wrapper width_auto align_left\"><a class=\"w-btn us-btn-style_2\" href=\"https:\/\/uxparamarketingdigital.com.br\/megatherm\/protecao-ambiental\/\"><span class=\"w-btn-label\">Saiba mais<\/span><\/a><\/div><div class=\"w-btn-wrapper width_auto align_left\"><a class=\"w-btn us-btn-style_1\" href=\"http:\/\/megatherm.com.br\/produtos\/\"><span class=\"w-btn-label\">Nossos Produtos<\/span><\/a><\/div><\/div><\/div><\/div><\/div><\/div><\/section><section class=\"l-section wpb_row height_large color_primary with_img with_overlay\"><div class=\"l-section-img\" style=\"background-image: url(https:\/\/megatherm.com.br\/wp-content\/uploads\/2019\/08\/industras.jpg);\" data-img-width=\"1200\" data-img-height=\"1200\"><\/div><div class=\"l-section-overlay\" style=\"background: rgba(26,26,26,0.82)\"><\/div><div class=\"l-section-h i-cf\"><div class=\"g-cols vc_row type_default valign_top\"><div class=\"vc_col-sm-12 wpb_column vc_column_container\"><div class=\"vc_column-inner\"><div class=\"wpb_wrapper\">\r\n\t<div class=\"wpb_text_column \">\r\n\t\t<div class=\"wpb_wrapper\">\r\n\t\t\t<h2 style=\"text-align: center;\">Vamos agendar uma reuni\u00e3o? <strong>+5521 2590-6543<br \/>\n<\/strong>ou escreva para <strong><a href=\"falecom@megatherm.com.br\">falecom@megatherm.com.br<\/a><\/strong><\/h2>\n<p style=\"text-align: center;\">Nossa equipe t\u00e9cnica estar\u00e1 \u00e0 disposi\u00e7\u00e3o para entender suas necessidades e apresentar um projeto com as melhores solu\u00e7\u00f5es.<\/p>\n\r\n\t\t<\/div>\r\n\t<\/div>\r\n<div class=\"w-separator size_small\"><\/div><div class=\"w-btn-wrapper width_auto align_center\"><a class=\"w-btn us-btn-style_4\" href=\"http:\/\/megatherm.com.br\/contato\"><span class=\"w-btn-label\">Entre em contato<\/span><\/a><\/div><\/div><\/div><\/div><\/div><\/div><\/section>\n<\/div>","protected":false},"excerpt":{"rendered":"[vc_custom_heading text=\"Nossos servi\u00e7os\" font_container=\"tag:h1|font_size:60|text_align:center\" use_theme_fonts=\"yes\"] Solu\u00e7\u00f5es para Ind\u00fastrias Isola\u00e7\u00e3o t\u00e9rmica e ac\u00fastica A Megatherm oferece solu\u00e7\u00f5es eficientes de isolamento t\u00e9rmico objetivando a convserva\u00e7\u00e3o energ\u00e9tica e a redu\u00e7\u00e3o de riscos operacionais. Nossa equipe t\u00e9cnica especializada e com ampla experi\u00eancia no mercado industrial, est\u00e1 apta a oferecer a melhor solu\u00e7\u00e3o para o seu projeto. Saiba maisNossos Produtos...","protected":false},"author":1,"featured_media":0,"parent":0,"menu_order":0,"comment_status":"closed","ping_status":"closed","template":"","meta":{"footnotes":""},"class_list":["post-8077","page","type-page","status-publish","hentry"],"_links":{"self":[{"href":"https:\/\/megatherm.com.br\/en\/wp-json\/wp\/v2\/pages\/8077","targetHints":{"allow":["GET"]}}],"collection":[{"href":"https:\/\/megatherm.com.br\/en\/wp-json\/wp\/v2\/pages"}],"about":[{"href":"https:\/\/megatherm.com.br\/en\/wp-json\/wp\/v2\/types\/page"}],"author":[{"embeddable":true,"href":"https:\/\/megatherm.com.br\/en\/wp-json\/wp\/v2\/users\/1"}],"replies":[{"embeddable":true,"href":"https:\/\/megatherm.com.br\/en\/wp-json\/wp\/v2\/comments?post=8077"}],"version-history":[{"count":3,"href":"https:\/\/megatherm.com.br\/en\/wp-json\/wp\/v2\/pages\/8077\/revisions"}],"predecessor-version":[{"id":8153,"href":"https:\/\/megatherm.com.br\/en\/wp-json\/wp\/v2\/pages\/8077\/revisions\/8153"}],"wp:attachment":[{"href":"https:\/\/megatherm.com.br\/en\/wp-json\/wp\/v2\/media?parent=8077"}],"curies":[{"name":"wp","href":"https:\/\/api.w.org\/{rel}","templated":true}]}}