{"id":8070,"date":"2013-09-06T15:19:20","date_gmt":"2013-09-06T15:19:20","guid":{"rendered":"http:\/\/megatherm.com.br\/contato\/"},"modified":"2020-10-02T13:46:54","modified_gmt":"2020-10-02T13:46:54","slug":"contact","status":"publish","type":"page","link":"https:\/\/megatherm.com.br\/en\/contact\/","title":{"rendered":"Contact"},"content":{"rendered":"<div class=\"wpb-content-wrapper\"><section class=\"l-section wpb_row height_large color_primary with_img parallax_hor bgwidth_130 with_overlay\"><div class=\"l-section-img\" style=\"background-image: url(https:\/\/megatherm.com.br\/wp-content\/uploads\/2019\/08\/1920x760.jpg);\" data-img-width=\"1920\" data-img-height=\"760\"><\/div><div class=\"l-section-overlay\" style=\"background: rgba(10,10,10,0.7)\"><\/div><div class=\"l-section-h i-cf\"><div class=\"g-cols vc_row type_default valign_top\"><div class=\"vc_col-sm-12 wpb_column vc_column_container\"><div class=\"vc_column-inner\"><div class=\"wpb_wrapper\">\r\n\t<div class=\"wpb_text_column \">\r\n\t\t<div class=\"wpb_wrapper\">\r\n\t\t\t<h1 style=\"text-align: center;\">Entre em contato conosco<\/h1>\n<h6 style=\"text-align: center;\">N\u00f3s trazemos uma abordagem pessoal e eficaz para cada projeto em que trabalhamos.<\/h6>\n\r\n\t\t<\/div>\r\n\t<\/div>\r\n<div class=\"w-separator size_small\"><\/div><div class=\"w-iconbox iconpos_top style_default color_custom align_center no_title no_text\"><div class=\"w-iconbox-icon\"><i class=\"far fa-chevron-down\"><\/i><\/div><div class=\"w-iconbox-meta\"><\/div><\/div><\/div><\/div><\/div><\/div><\/div><\/section><section class=\"l-section wpb_row height_medium\"><div class=\"l-section-h i-cf\"><div class=\"g-cols vc_row type_default valign_top gap-10px\"><style>.g-cols.gap-10px{margin:0 calc(-1.5rem - 10px)}.gap-10px > .vc_column_container {padding:10px}<\/style><div class=\"vc_col-sm-6 wpb_column vc_column_container\"><div class=\"vc_column-inner\"><div class=\"wpb_wrapper\"><div class=\"w-iconbox iconpos_left style_circle color_primary align_left no_text\"><a class=\"w-iconbox-link\" href=\"mailto:info@example.com\" aria-label=\"megatherm@megatherm.com.br\"><div class=\"w-iconbox-icon\" style=\"font-size:22px;\"><i class=\"far fa-envelope\"><\/i><\/div><\/a><div class=\"w-iconbox-meta\"><a class=\"w-iconbox-link\" href=\"mailto:info@example.com\" aria-label=\"megatherm@megatherm.com.br\"><h5 class=\"w-iconbox-title\" style=\"font-size:20px;\">megatherm@megatherm.com.br<\/h5><\/a><\/div><\/div><div class=\"w-separator size_small\"><\/div><div class=\"w-iconbox iconpos_left style_circle color_primary align_left no_text\"><div class=\"w-iconbox-icon\" style=\"font-size:22px;\"><i class=\"far fa-phone\"><\/i><\/div><div class=\"w-iconbox-meta\"><h5 class=\"w-iconbox-title\" style=\"font-size:20px;\">+ 55 (21) 2590-6543 \/ 2260-9435 \/ 2270-0950 \/ 2590-2974<\/h5><\/div><\/div><div class=\"w-separator size_small\"><\/div><div class=\"w-iconbox iconpos_left style_circle color_primary align_left no_text\"><div class=\"w-iconbox-icon\" style=\"font-size:22px;\"><i class=\"far fa-map-marker-alt\"><\/i><\/div><div class=\"w-iconbox-meta\"><h5 class=\"w-iconbox-title\" style=\"font-size:20px;\">Rua Panam\u00e1, 353 - Penha, RJ. CEP: 21020-310<\/h5><\/div><\/div><div class=\"w-separator size_large\"><\/div><div class=\"w-map provider_osm us_map_1\" id=\"us_map_1\" style=\"height:340px;\"><div class=\"w-map-json\" onclick='return {&quot;address&quot;:&quot;Rua Panama, 353 - Penha&quot;,&quot;markers&quot;:[{&quot;address&quot;:&quot;Rua Panama, 353 - Penha&quot;,&quot;html&quot;:&quot;Ol\\u00e1! N\\u00f3s estamos aqui! :)&quot;,&quot;infowindow&quot;:false}],&quot;zoom&quot;:14,&quot;height&quot;:&quot;340&quot;,&quot;style&quot;:&quot;https:\\\/\\\/{s}.tile.openstreetmap.org\\\/{z}\\\/{x}\\\/{y}.png&quot;}'><\/div><\/div><\/div><\/div><\/div><div class=\"vc_col-sm-6 wpb_column vc_column_container\"><div class=\"vc_column-inner\"><div class=\"wpb_wrapper\">\r\n\t<div class=\"wpb_text_column \">\r\n\t\t<div class=\"wpb_wrapper\">\r\n\t\t\t<h4><strong>Fale conosco<\/strong><\/h4>\n\r\n\t\t<\/div>\r\n\t<\/div>\r\n<div class=\"w-separator size_small\"><\/div><div class=\"w-form for_cform us_form_1\">\r\n\t<form class=\"w-form-h\" autocomplete=\"off\" action=\"https:\/\/megatherm.com.br\/en\/wp-json\/wp\/v2\/pages\/8070\" method=\"post\">\r\n\t\t\t\t<div class=\"w-form-row for_text required with_icon\">\r\n\t\t<div class=\"w-form-row-field\">\r\n\t\t<i class=\"far fa-user\"><\/i>\t\t<input type=\"text\" name=\"us_form_1_text_1\" aria-label=\"Nome\" value=\"\" placeholder=\"Nome *\" data-required=\"true\" aria-required=\"true\"\/>\r\n\t\t\t<\/div>\r\n\t\t<div class=\"w-form-row-state\">Fill out this field<\/div>\r\n<\/div>\r\n\t\t<div class=\"w-form-row for_text required with_icon\">\r\n\t\t<div class=\"w-form-row-field\">\r\n\t\t<i class=\"far fa-envelope\"><\/i>\t\t<input type=\"text\" name=\"us_form_1_text_2\" aria-label=\"Email\" value=\"\" placeholder=\"Email *\" data-required=\"true\" aria-required=\"true\"\/>\r\n\t\t\t<\/div>\r\n\t\t<div class=\"w-form-row-state\">Fill out this field<\/div>\r\n<\/div>\r\n\t\t<div class=\"w-form-row for_text with_icon\">\r\n\t\t<div class=\"w-form-row-field\">\r\n\t\t<i class=\"far fa-phone\"><\/i>\t\t<input type=\"text\" name=\"us_form_1_text_3\" aria-label=\"Telefone\" value=\"\" placeholder=\"Telefone\"\/>\r\n\t\t\t<\/div>\r\n\t\t<div class=\"w-form-row-state\">Fill out this field<\/div>\r\n<\/div>\r\n\t\t<div class=\"w-form-row for_textarea with_icon\">\r\n\t\t<div class=\"w-form-row-field\">\r\n\t\t<i class=\"far fa-pencil\"><\/i>\t\t<textarea  name=\"us_form_1_textarea_1\" aria-label=\"Mensagem\" placeholder=\"Mensagem\"><\/textarea>\r\n\t\t\t<\/div>\r\n\t\t<div class=\"w-form-row-state\">Fill out this field<\/div>\r\n<\/div>\r\n\t\t<div class=\"w-form-row for_captcha required with_icon\">\r\n\t<div class=\"w-form-row-label\">\r\n\t\t<span>Apenas para provar que voc\u00ea \u00e9 humano, por favor, resolva a equa\u00e7\u00e3o: <span>26 + 7 = ?<\/span><\/span>\r\n\t<\/div>\r\n\t<div class=\"w-form-row-field\">\r\n\t\t\t\t<input type=\"hidden\" name=\"us_form_1_captcha_1_hash\" value=\"259a53419ef4638393ebcd2289ea29d9\" \/>\r\n\t\t<i class=\"far fa-question-circle\"><\/i>\t\t<input type=\"text\" name=\"us_form_1_captcha_1\" aria-label=\"Apenas para provar que voc\u00ea \u00e9 humano, por favor, resolva a equa\u00e7\u00e3o:\" placeholder=\"\" data-required=\"true\" aria-required=\"true\"\"\/>\r\n\t\t\t<\/div>\r\n\t\t<div class=\"w-form-row-state\">Enter the equation result to proceed<\/div>\r\n<\/div>\r\n\t\t<input type=\"hidden\" name=\"action\" value=\"us_ajax_cform\" \/>\r\n\t\t<input type=\"hidden\" name=\"post_id\" value=\"8070\" \/>\r\n\t\t<input type=\"hidden\" name=\"form_index\" value=\"1\" \/>\r\n\t\t<div class=\"w-form-row for_submit align_left\">\r\n\t<div class=\"w-form-row-field\">\r\n\t\t\t\t<button class=\"w-btn  us-btn-style_1\"  style=\"font-size:16px;\" type=\"submit\" aria-label=\"Enviar mensagem\">\r\n\t\t\t<span class=\"g-preloader type_1\"><\/span>\r\n\t\t\t\t\t\t<span class=\"w-btn-label\">Enviar mensagem<\/span>\r\n\t\t\t\t\t<\/button>\r\n\t<\/div>\r\n<\/div>\r\n\t\t\t\t<div class=\"w-form-message\"><\/div>\r\n\t\t\t<\/form>\r\n\t<div class=\"w-form-json hidden\" onclick='return {&quot;ajaxurl&quot;:&quot;https:\\\/\\\/megatherm.com.br\\\/wp-admin\\\/admin-ajax.php&quot;}'><\/div>\r\n<\/div><\/div><\/div><\/div><\/div><\/div><\/section>\n<\/div>","protected":false},"excerpt":{"rendered":"Entre em contato conosco N\u00f3s trazemos uma abordagem pessoal e eficaz para cada projeto em que trabalhamos. megatherm@megatherm.com.br+ 55 (21) 2590-6543 \/ 2260-9435 \/ 2270-0950 \/ 2590-2974Rua Panam\u00e1, 353 - Penha, RJ. CEP: 21020-310 Fale conosco Fill out this field Fill out this field Fill out this field Fill out this field Apenas para provar...","protected":false},"author":1,"featured_media":0,"parent":0,"menu_order":0,"comment_status":"closed","ping_status":"closed","template":"","meta":{"footnotes":""},"class_list":["post-8070","page","type-page","status-publish","hentry"],"_links":{"self":[{"href":"https:\/\/megatherm.com.br\/en\/wp-json\/wp\/v2\/pages\/8070","targetHints":{"allow":["GET"]}}],"collection":[{"href":"https:\/\/megatherm.com.br\/en\/wp-json\/wp\/v2\/pages"}],"about":[{"href":"https:\/\/megatherm.com.br\/en\/wp-json\/wp\/v2\/types\/page"}],"author":[{"embeddable":true,"href":"https:\/\/megatherm.com.br\/en\/wp-json\/wp\/v2\/users\/1"}],"replies":[{"embeddable":true,"href":"https:\/\/megatherm.com.br\/en\/wp-json\/wp\/v2\/comments?post=8070"}],"version-history":[{"count":2,"href":"https:\/\/megatherm.com.br\/en\/wp-json\/wp\/v2\/pages\/8070\/revisions"}],"predecessor-version":[{"id":8328,"href":"https:\/\/megatherm.com.br\/en\/wp-json\/wp\/v2\/pages\/8070\/revisions\/8328"}],"wp:attachment":[{"href":"https:\/\/megatherm.com.br\/en\/wp-json\/wp\/v2\/media?parent=8070"}],"curies":[{"name":"wp","href":"https:\/\/api.w.org\/{rel}","templated":true}]}}