{"id":8087,"date":"2019-09-02T13:46:59","date_gmt":"2019-09-02T13:46:59","guid":{"rendered":"http:\/\/megatherm.com.br\/protecao-ambiental\/"},"modified":"2019-10-29T19:24:09","modified_gmt":"2019-10-29T19:24:09","slug":"environmental-protection","status":"publish","type":"page","link":"http:\/\/megatherm.com.br\/en\/environmental-protection\/","title":{"rendered":"Environmental Protection"},"content":{"rendered":"<div class=\"wpb-content-wrapper\"><section class=\"l-section wpb_row height_medium\"><div class=\"l-section-h i-cf\"><div class=\"g-cols vc_row type_default valign_top\"><div class=\"vc_col-sm-12 wpb_column vc_column_container\"><div class=\"vc_column-inner\"><div class=\"wpb_wrapper\"><div class=\"g-cols wpb_row  type_default valign_middle vc_inner \"><div class=\"vc_col-sm-6 wpb_column vc_column_container\"><div class=\"vc_column-inner\"><div class=\"wpb_wrapper\">\r\n\t<div class=\"wpb_text_column \">\r\n\t\t<div class=\"wpb_wrapper\">\r\n\t\t\t<h1>Solu\u00e7\u00f5es para Constru\u00e7\u00e3o Civil<\/h1>\n<p>S\u00e3o conjuntos de solu\u00e7\u00f5es para uma \u00e1rea com certo grau de ocupa\u00e7\u00e3o humana, dotada de atributos abi\u00f3ticos, bi\u00f3ticos, est\u00e9ticos ou culturais especialmente importantes para a qualidade de vida e o bem-estar das popula\u00e7\u00f5es humanas, e tem como objetivos b\u00e1sicos proteger a diversidade biol\u00f3gica, disciplinar ou projetos de ocupa\u00e7\u00e3o e assegurar a sustentabilidade do uso dos recursos naturais. Nossa equipe t\u00e9cnica est\u00e1 apta para oferecer solu\u00e7\u00f5es personalizadas para o seu projeto.<\/p>\n\r\n\t\t<\/div>\r\n\t<\/div>\r\n<\/div><\/div><\/div><div class=\"vc_col-sm-6 wpb_column vc_column_container\"><div class=\"vc_column-inner\"><div class=\"wpb_wrapper\"><div class=\"w-image align_center\"><div class=\"w-image-h\"><img loading=\"lazy\" decoding=\"async\" width=\"1200\" height=\"1200\" src=\"http:\/\/megatherm.com.br\/wp-content\/uploads\/2019\/08\/protecao.jpg\" class=\"attachment-full size-full\" alt=\"\" srcset=\"http:\/\/megatherm.com.br\/wp-content\/uploads\/2019\/08\/protecao.jpg 1200w, http:\/\/megatherm.com.br\/wp-content\/uploads\/2019\/08\/protecao-150x150.jpg 150w, http:\/\/megatherm.com.br\/wp-content\/uploads\/2019\/08\/protecao-300x300.jpg 300w, http:\/\/megatherm.com.br\/wp-content\/uploads\/2019\/08\/protecao-1024x1024.jpg 1024w, http:\/\/megatherm.com.br\/wp-content\/uploads\/2019\/08\/protecao-600x600.jpg 600w\" sizes=\"auto, (max-width: 1200px) 100vw, 1200px\" \/><\/div><\/div><\/div><\/div><\/div><\/div><\/div><\/div><\/div><\/div><\/div><\/section><section class=\"l-section wpb_row height_medium\"><div class=\"l-section-h i-cf\"><div class=\"g-cols vc_row type_default valign_top\"><div class=\"vc_col-sm-12 wpb_column vc_column_container\"><div class=\"vc_column-inner\"><div class=\"wpb_wrapper\">\r\n\t<div class=\"wpb_text_column \">\r\n\t\t<div class=\"wpb_wrapper\">\r\n\t\t\t<h3 style=\"text-align: center;\"><strong>Setor<\/strong><\/h3>\n\r\n\t\t<\/div>\r\n\t<\/div>\r\n<\/div><\/div><\/div><\/div><\/div><\/section><section class=\"l-section wpb_row height_medium\"><div class=\"l-section-h i-cf\"><div class=\"g-cols vc_row type_default valign_top\"><div class=\"vc_col-sm-3 wpb_column vc_column_container\"><div class=\"vc_column-inner\"><div class=\"wpb_wrapper\"><div class=\"w-iconbox iconpos_top style_default color_primary align_center no_text\"><div class=\"w-iconbox-icon\"><i class=\"fas fa-ship\"><\/i><\/div><div class=\"w-iconbox-meta\"><h4 class=\"w-iconbox-title\">Naval<\/h4><\/div><\/div><\/div><\/div><\/div><div class=\"vc_col-sm-3 wpb_column vc_column_container\"><div class=\"vc_column-inner\"><div class=\"wpb_wrapper\"><div class=\"w-iconbox iconpos_top style_default color_primary align_center no_text\"><div class=\"w-iconbox-icon\"><i class=\"fas fa-bong\"><\/i><\/div><div class=\"w-iconbox-meta\"><h4 class=\"w-iconbox-title\">Petroqu\u00edmica<\/h4><\/div><\/div><\/div><\/div><\/div><div class=\"vc_col-sm-3 wpb_column vc_column_container\"><div class=\"vc_column-inner\"><div class=\"wpb_wrapper\"><div class=\"w-iconbox iconpos_top style_default color_primary align_center no_text\"><div class=\"w-iconbox-icon\"><i class=\"fas fa-building\"><\/i><\/div><div class=\"w-iconbox-meta\"><h4 class=\"w-iconbox-title\">Ind\u00fastria<\/h4><\/div><\/div><\/div><\/div><\/div><div class=\"vc_col-sm-3 wpb_column vc_column_container\"><div class=\"vc_column-inner\"><div class=\"wpb_wrapper\"><div class=\"w-iconbox iconpos_top style_default color_primary align_center no_text\"><div class=\"w-iconbox-icon\"><i class=\"fas fa-helicopter\"><\/i><\/div><div class=\"w-iconbox-meta\"><h4 class=\"w-iconbox-title\">Offshore<\/h4><\/div><\/div><\/div><\/div><\/div><\/div><\/div><\/section><section class=\"l-section wpb_row height_medium color_primary with_img parallax_ver with_overlay\" id=\"fourth\"><div class=\"l-section-img\" style=\"background-image: url(http:\/\/megatherm.com.br\/wp-content\/uploads\/2019\/08\/industras.jpg);\" data-img-width=\"1200\" data-img-height=\"1200\"><\/div><div class=\"l-section-overlay\" style=\"background: rgba(26,26,26,0.83)\"><\/div><div class=\"l-section-h i-cf\"><div class=\"g-cols vc_row type_default valign_middle\"><div class=\"vc_col-sm-12 wpb_column vc_column_container\"><div class=\"vc_column-inner\"><div class=\"wpb_wrapper\"><div class=\"w-separator size_small\"><\/div>\r\n\t<div class=\"wpb_text_column \">\r\n\t\t<div class=\"wpb_wrapper\">\r\n\t\t\t<h2 style=\"text-align: center;\">Entre em contato com os nossos especialistas<\/h2>\n\r\n\t\t<\/div>\r\n\t<\/div>\r\n<div class=\"w-separator size_small\"><\/div><div class=\"w-btn-wrapper width_auto align_center\"><a class=\"w-btn us-btn-style_4 icon_atleft\" href=\"https:\/\/uxparamarketingdigital.com.br\/megatherm\/contato\/\" style=\"font-size:18px;\"><i class=\"material-icons\">chat<\/i><span class=\"w-btn-label\">Entre em contato<\/span><\/a><\/div><div class=\"w-separator size_small\"><\/div><\/div><\/div><\/div><\/div><\/div><\/section>\n<\/div>","protected":false},"excerpt":{"rendered":"Solu\u00e7\u00f5es para Constru\u00e7\u00e3o Civil S\u00e3o conjuntos de solu\u00e7\u00f5es para uma \u00e1rea com certo grau de ocupa\u00e7\u00e3o humana, dotada de atributos abi\u00f3ticos, bi\u00f3ticos, est\u00e9ticos ou culturais especialmente importantes para a qualidade de vida e o bem-estar das popula\u00e7\u00f5es humanas, e tem como objetivos b\u00e1sicos proteger a diversidade biol\u00f3gica, disciplinar ou projetos de ocupa\u00e7\u00e3o e assegurar a...","protected":false},"author":1,"featured_media":0,"parent":0,"menu_order":0,"comment_status":"closed","ping_status":"closed","template":"","meta":{"footnotes":""},"class_list":["post-8087","page","type-page","status-publish","hentry"],"_links":{"self":[{"href":"http:\/\/megatherm.com.br\/en\/wp-json\/wp\/v2\/pages\/8087","targetHints":{"allow":["GET"]}}],"collection":[{"href":"http:\/\/megatherm.com.br\/en\/wp-json\/wp\/v2\/pages"}],"about":[{"href":"http:\/\/megatherm.com.br\/en\/wp-json\/wp\/v2\/types\/page"}],"author":[{"embeddable":true,"href":"http:\/\/megatherm.com.br\/en\/wp-json\/wp\/v2\/users\/1"}],"replies":[{"embeddable":true,"href":"http:\/\/megatherm.com.br\/en\/wp-json\/wp\/v2\/comments?post=8087"}],"version-history":[{"count":1,"href":"http:\/\/megatherm.com.br\/en\/wp-json\/wp\/v2\/pages\/8087\/revisions"}],"predecessor-version":[{"id":8088,"href":"http:\/\/megatherm.com.br\/en\/wp-json\/wp\/v2\/pages\/8087\/revisions\/8088"}],"wp:attachment":[{"href":"http:\/\/megatherm.com.br\/en\/wp-json\/wp\/v2\/media?parent=8087"}],"curies":[{"name":"wp","href":"https:\/\/api.w.org\/{rel}","templated":true}]}}