{"id":8072,"date":"2013-05-31T11:57:37","date_gmt":"2013-05-31T11:57:37","guid":{"rendered":"http:\/\/megatherm.com.br\/quem-somos\/"},"modified":"2019-10-31T14:44:34","modified_gmt":"2019-10-31T14:44:34","slug":"about-megatherm","status":"publish","type":"page","link":"http:\/\/megatherm.com.br\/en\/about-megatherm\/","title":{"rendered":"About US"},"content":{"rendered":"<div class=\"wpb-content-wrapper\"><section class=\"l-section wpb_row height_large color_primary with_img parallax_hor bgwidth_120 with_overlay\"><div class=\"l-section-img\" style=\"background-image: url(http:\/\/megatherm.com.br\/wp-content\/uploads\/2019\/08\/1920x760.jpg);\" data-img-width=\"1920\" data-img-height=\"760\"><\/div><div class=\"l-section-overlay\" style=\"background: rgba(2,2,2,0.67)\"><\/div><div class=\"l-section-h i-cf\"><div class=\"g-cols vc_row type_default valign_top\"><div class=\"vc_col-sm-12 wpb_column vc_column_container\"><div class=\"vc_column-inner\"><div class=\"wpb_wrapper\">[vc_custom_heading text=&#8221;We are a Megatherm&#8221; font_container=&#8221;tag:h1|font_size:60|text_align:center&#8221; use_theme_fonts=&#8221;yes&#8221;]<div class=\"w-iconbox iconpos_top style_default color_custom align_center no_title no_text\"><a class=\"w-iconbox-link\" href=\"#intro\" aria-hidden=\"true\"><div class=\"w-iconbox-icon\" style=\"font-size:2rem;color:#ffffff;\"><i class=\"far fa-chevron-down\"><\/i><\/div><\/a><div class=\"w-iconbox-meta\"><\/div><\/div><div class=\"w-separator size_medium\"><\/div><\/div><\/div><\/div><\/div><\/div><\/section><section class=\"l-section wpb_row height_large color_alternate\" id=\"intro\"><div class=\"l-section-h i-cf\"><div class=\"g-cols vc_row type_default valign_top\"><div class=\"vc_col-sm-12 wpb_column vc_column_container\"><div class=\"vc_column-inner\"><div class=\"wpb_wrapper\"><div class=\"w-separator size_medium\"><\/div><div class=\"g-cols wpb_row  type_default valign_top vc_inner \"><div class=\"vc_col-sm-6 wpb_column vc_column_container\"><div class=\"vc_column-inner\"><div class=\"wpb_wrapper\">\r\n\t<div class=\"wpb_text_column \">\r\n\t\t<div class=\"wpb_wrapper\">\r\n\t\t\t<h2>About Us<\/h2>\n<p>MEGATHERM began its activities in January \/ 91, aiming to meet the needs of the industrial and civil construction markets that consume refractory materials and thermal insulators, used in new equipment or in the maintenance of those already in operation. Seeking to be the global solution in thermal insulation and industrial seals, we currently distribute products manufactured by:<\/p>\n<ul>\n<li><strong>IBAR<\/strong>: refractory materials and thermal insulators for high temperatures.<\/li>\n<li><strong>TEADIT<\/strong>: industrial seals and thermal insulators<\/li>\n<li><strong>ISOPOR<\/strong>: poliestileno expandido &#8211; EPS<\/li>\n<\/ul>\n<p>Em nosso dep\u00f3sito estrategicamente localizado no bairro da Penha, com f\u00e1cil acesso \u00e0 Avenida Brasil e estradas que cortam o Estado do Rio de Janeiro, dispomos de estoque de produtos para entrega imediata, despachando-os para todo o Brasil.<\/p>\n\r\n\t\t<\/div>\r\n\t<\/div>\r\n<\/div><\/div><\/div><div class=\"vc_col-sm-6 wpb_column vc_column_container\"><div class=\"vc_column-inner\"><div class=\"wpb_wrapper\"><div class=\"w-image align_none style_shadow-1\"><div class=\"w-image-h\"><img loading=\"lazy\" decoding=\"async\" width=\"640\" height=\"640\" src=\"http:\/\/megatherm.com.br\/wp-content\/uploads\/2019\/09\/megatherm-quemsomos-1024x1024.jpg\" class=\"attachment-large size-large\" alt=\"\" srcset=\"http:\/\/megatherm.com.br\/wp-content\/uploads\/2019\/09\/megatherm-quemsomos-1024x1024.jpg 1024w, http:\/\/megatherm.com.br\/wp-content\/uploads\/2019\/09\/megatherm-quemsomos-150x150.jpg 150w, http:\/\/megatherm.com.br\/wp-content\/uploads\/2019\/09\/megatherm-quemsomos-300x300.jpg 300w, http:\/\/megatherm.com.br\/wp-content\/uploads\/2019\/09\/megatherm-quemsomos-600x600.jpg 600w, http:\/\/megatherm.com.br\/wp-content\/uploads\/2019\/09\/megatherm-quemsomos.jpg 1200w\" sizes=\"auto, (max-width: 640px) 100vw, 640px\" \/><\/div><\/div><\/div><\/div><\/div><\/div><\/div><\/div><\/div><\/div><\/div><\/section><section class=\"l-section wpb_row height_medium\"><div class=\"l-section-h i-cf\"><div class=\"g-cols vc_row type_default valign_top\"><div class=\"vc_col-sm-4 wpb_column vc_column_container\"><div class=\"vc_column-inner\"><div class=\"wpb_wrapper\"><div class=\"w-iconbox iconpos_top style_default color_primary align_left\"><a class=\"w-iconbox-link\" href=\"#first\" aria-label=\"Miss\u00e3o\"><div class=\"w-iconbox-icon\" style=\"font-size:3.3rem;\"><i class=\"fal fa-award\"><\/i><\/div><\/a><div class=\"w-iconbox-meta\"><a class=\"w-iconbox-link\" href=\"#first\" aria-label=\"Miss\u00e3o\"><h4 class=\"w-iconbox-title\">Miss\u00e3o<\/h4><\/a><div class=\"w-iconbox-text\"><p>Ser reconhecida pela excel\u00eancia dos produtos utilizados e servi\u00e7os prestados aos nossos clientes.<\/p>\n<\/div><\/div><\/div><\/div><\/div><\/div><div class=\"vc_col-sm-4 wpb_column vc_column_container\"><div class=\"vc_column-inner\"><div class=\"wpb_wrapper\"><div class=\"w-iconbox iconpos_top style_default color_primary align_left\"><a class=\"w-iconbox-link\" href=\"#second\" aria-label=\"Vis\u00e3o\"><div class=\"w-iconbox-icon\" style=\"font-size:3.3rem;\"><i class=\"fal fa-list-ol\"><\/i><\/div><\/a><div class=\"w-iconbox-meta\"><a class=\"w-iconbox-link\" href=\"#second\" aria-label=\"Vis\u00e3o\"><h4 class=\"w-iconbox-title\">Vis\u00e3o<\/h4><\/a><div class=\"w-iconbox-text\"><p>Fornecer as melhores solu\u00e7\u00f5es para resolver as necessidades e demanda dos nossos clientes.<\/p>\n<\/div><\/div><\/div><\/div><\/div><\/div><div class=\"vc_col-sm-4 wpb_column vc_column_container\"><div class=\"vc_column-inner\"><div class=\"wpb_wrapper\"><div class=\"w-iconbox iconpos_top style_default color_primary align_left\"><a class=\"w-iconbox-link\" href=\"#third\" aria-label=\"Pol\u00edtica\"><div class=\"w-iconbox-icon\" style=\"font-size:3.3rem;\"><i class=\"fal fa-people-carry\"><\/i><\/div><\/a><div class=\"w-iconbox-meta\"><a class=\"w-iconbox-link\" href=\"#third\" aria-label=\"Pol\u00edtica\"><h4 class=\"w-iconbox-title\">Pol\u00edtica<\/h4><\/a><div class=\"w-iconbox-text\"><p>A equipe da Megatherm \u2013 solu\u00e7\u00e3o global de isolamento t\u00e9rmico e ac\u00fastico -prioriza a excel\u00eancia no atendimento aos clientes, atrav\u00e9s da melhoria cont\u00ednua dos nossos processos e qualifica\u00e7\u00e3o das pessoas<\/p>\n<\/div><\/div><\/div><\/div><\/div><\/div><\/div><\/div><\/section><section class=\"l-section wpb_row height_medium\" id=\"clients\"><div class=\"l-section-h i-cf\"><div class=\"g-cols vc_row type_default valign_top\"><div class=\"vc_col-sm-12 wpb_column vc_column_container\"><div class=\"vc_column-inner\"><div class=\"wpb_wrapper\">\r\n\t<div class=\"wpb_text_column \">\r\n\t\t<div class=\"wpb_wrapper\">\r\n\t\t\t<h2 style=\"text-align: center;\">Who trusts the excellence of our services<\/h2>\n\r\n\t\t<\/div>\r\n\t<\/div>\r\n<div class=\"w-separator size_medium\"><\/div><div class=\"g-cols wpb_row  type_default valign_top vc_inner \"><div class=\"vc_col-sm-12 wpb_column vc_column_container\"><div class=\"vc_column-inner\"><div class=\"wpb_wrapper\"><div class=\"w-grid type_carousel layout_gallery_default\" id=\"us_grid_1\"><style id=\"us_grid_1_css\">#us_grid_1 .w-grid-item{padding:1.5rem}#us_grid_1 .w-grid-list{margin:-1.5rem}.w-grid + #us_grid_1 .w-grid-list{margin-top:1.5rem}.l-section.width_full>div>div>.vc_col-sm-12>div>div>#us_grid_1 .w-grid-list{margin-left:1.5rem;margin-right:1.5rem}.l-section.height_auto>div>div>.vc_col-sm-12>div>div>#us_grid_1:first-child .w-grid-list{margin-top:1.5rem}.l-section.height_auto>div>div>.vc_col-sm-12>div>div>#us_grid_1:last-child .w-grid-list{margin-bottom:1.5rem}<\/style><style>#us_grid_1 .w-grid-item-h{}#us_grid_1 .usg_post_image_1{}<\/style><div class=\"w-grid-list owl-carousel navstyle_circle navpos_outside with_dots\"><article class=\"w-grid-item ratio_1x1 post-8124 attachment type-attachment status-inherit hentry\" data-id=\"8124\">\r\n\t<div class=\"w-grid-item-h\">\r\n\t\t\t\t<div class=\"w-post-elm post_image usg_post_image_1 stretched\"><img loading=\"lazy\" decoding=\"async\" width=\"250\" height=\"150\" src=\"http:\/\/megatherm.com.br\/wp-content\/uploads\/2019\/10\/Transocean.jpg\" class=\"attachment-us_600_600_crop size-us_600_600_crop\" alt=\"\" \/><\/div>\t<\/div>\r\n<\/article>\r\n<article class=\"w-grid-item ratio_1x1 post-8122 attachment type-attachment status-inherit hentry\" data-id=\"8122\">\r\n\t<div class=\"w-grid-item-h\">\r\n\t\t\t\t<div class=\"w-post-elm post_image usg_post_image_1 stretched\"><img loading=\"lazy\" decoding=\"async\" width=\"250\" height=\"150\" src=\"http:\/\/megatherm.com.br\/wp-content\/uploads\/2019\/10\/Solstad.jpg\" class=\"attachment-us_600_600_crop size-us_600_600_crop\" alt=\"\" \/><\/div>\t<\/div>\r\n<\/article>\r\n<article class=\"w-grid-item ratio_1x1 post-8120 attachment type-attachment status-inherit hentry\" data-id=\"8120\">\r\n\t<div class=\"w-grid-item-h\">\r\n\t\t\t\t<div class=\"w-post-elm post_image usg_post_image_1 stretched\"><img loading=\"lazy\" decoding=\"async\" width=\"250\" height=\"150\" src=\"http:\/\/megatherm.com.br\/wp-content\/uploads\/2019\/10\/smb.jpg\" class=\"attachment-us_600_600_crop size-us_600_600_crop\" alt=\"\" \/><\/div>\t<\/div>\r\n<\/article>\r\n<article class=\"w-grid-item ratio_1x1 post-8118 attachment type-attachment status-inherit hentry\" data-id=\"8118\">\r\n\t<div class=\"w-grid-item-h\">\r\n\t\t\t\t<div class=\"w-post-elm post_image usg_post_image_1 stretched\"><img loading=\"lazy\" decoding=\"async\" width=\"250\" height=\"150\" src=\"http:\/\/megatherm.com.br\/wp-content\/uploads\/2019\/10\/Ocyan.jpg\" class=\"attachment-us_600_600_crop size-us_600_600_crop\" alt=\"\" \/><\/div>\t<\/div>\r\n<\/article>\r\n<article class=\"w-grid-item ratio_1x1 post-8116 attachment type-attachment status-inherit hentry\" data-id=\"8116\">\r\n\t<div class=\"w-grid-item-h\">\r\n\t\t\t\t<div class=\"w-post-elm post_image usg_post_image_1 stretched\"><img loading=\"lazy\" decoding=\"async\" width=\"250\" height=\"150\" src=\"http:\/\/megatherm.com.br\/wp-content\/uploads\/2019\/10\/modec.jpg\" class=\"attachment-us_600_600_crop size-us_600_600_crop\" alt=\"\" \/><\/div>\t<\/div>\r\n<\/article>\r\n<article class=\"w-grid-item ratio_1x1 post-8114 attachment type-attachment status-inherit hentry\" data-id=\"8114\">\r\n\t<div class=\"w-grid-item-h\">\r\n\t\t\t\t<div class=\"w-post-elm post_image usg_post_image_1 stretched\"><img loading=\"lazy\" decoding=\"async\" width=\"250\" height=\"150\" src=\"http:\/\/megatherm.com.br\/wp-content\/uploads\/2019\/10\/equinor.jpg\" class=\"attachment-us_600_600_crop size-us_600_600_crop\" alt=\"\" \/><\/div>\t<\/div>\r\n<\/article>\r\n<article class=\"w-grid-item ratio_1x1 post-8112 attachment type-attachment status-inherit hentry\" data-id=\"8112\">\r\n\t<div class=\"w-grid-item-h\">\r\n\t\t\t\t<div class=\"w-post-elm post_image usg_post_image_1 stretched\"><img loading=\"lazy\" decoding=\"async\" width=\"250\" height=\"150\" src=\"http:\/\/megatherm.com.br\/wp-content\/uploads\/2019\/10\/constellation.jpg\" class=\"attachment-us_600_600_crop size-us_600_600_crop\" alt=\"\" \/><\/div>\t<\/div>\r\n<\/article>\r\n<article class=\"w-grid-item ratio_1x1 post-8110 attachment type-attachment status-inherit hentry\" data-id=\"8110\">\r\n\t<div class=\"w-grid-item-h\">\r\n\t\t\t\t<div class=\"w-post-elm post_image usg_post_image_1 stretched\"><img loading=\"lazy\" decoding=\"async\" width=\"250\" height=\"150\" src=\"http:\/\/megatherm.com.br\/wp-content\/uploads\/2019\/10\/bw.jpg\" class=\"attachment-us_600_600_crop size-us_600_600_crop\" alt=\"\" \/><\/div>\t<\/div>\r\n<\/article>\r\n<\/div>\t<div class=\"g-preloader type_1\">\r\n\t\t<div><\/div>\r\n\t<\/div>\r\n\t\t<div class=\"w-grid-json hidden\" onclick='return {&quot;ajax_url&quot;:&quot;http:\\\/\\\/megatherm.com.br\\\/wp-admin\\\/admin-ajax.php&quot;,&quot;permalink_url&quot;:&quot;http:\\\/\\\/megatherm.com.br\\\/en\\\/home\\\/bw-2\\\/&quot;,&quot;action&quot;:&quot;us_ajax_grid&quot;,&quot;max_num_pages&quot;:1,&quot;infinite_scroll&quot;:0,&quot;template_vars&quot;:{&quot;query_args&quot;:{&quot;post_type&quot;:[&quot;attachment&quot;],&quot;post__in&quot;:[&quot;8124&quot;,&quot;8122&quot;,&quot;8120&quot;,&quot;8118&quot;,&quot;8116&quot;,&quot;8114&quot;,&quot;8112&quot;,&quot;8110&quot;],&quot;post_status&quot;:&quot;inherit&quot;,&quot;post_mime_type&quot;:&quot;image&quot;,&quot;orderby&quot;:{&quot;date&quot;:&quot;DESC&quot;},&quot;posts_per_page&quot;:&quot;10&quot;},&quot;post_id&quot;:8072,&quot;us_grid_index&quot;:1,&quot;us_grid_ajax_index&quot;:null,&quot;exclude_items&quot;:&quot;none&quot;,&quot;items_offset&quot;:&quot;1&quot;,&quot;items_layout&quot;:&quot;gallery_default&quot;,&quot;type&quot;:&quot;carousel&quot;,&quot;columns&quot;:&quot;4&quot;,&quot;img_size&quot;:&quot;default&quot;,&quot;overriding_link&quot;:&quot;none&quot;,&quot;lang&quot;:&quot;en&quot;},&quot;carousel_settings&quot;:{&quot;items&quot;:&quot;4&quot;,&quot;nav&quot;:0,&quot;navNext&quot;:&quot;&quot;,&quot;navPrev&quot;:&quot;&quot;,&quot;dots&quot;:1,&quot;center&quot;:0,&quot;autoplay&quot;:0,&quot;smooth_play&quot;:0,&quot;timeout&quot;:3000,&quot;speed&quot;:250,&quot;transition&quot;:&quot;&quot;,&quot;autoHeight&quot;:0,&quot;slideby&quot;:&quot;1&quot;},&quot;carousel_breakpoints&quot;:{&quot;1200&quot;:{&quot;items&quot;:4},&quot;900&quot;:{&quot;items&quot;:3,&quot;autoplay&quot;:1,&quot;autoplayHoverPause&quot;:1},&quot;600&quot;:{&quot;items&quot;:2,&quot;autoplay&quot;:1,&quot;autoplayHoverPause&quot;:1},&quot;0&quot;:{&quot;items&quot;:1,&quot;autoplay&quot;:1,&quot;autoplayHoverPause&quot;:1,&quot;autoHeight&quot;:0}}}'><\/div>\r\n<\/div><\/div><\/div><\/div><\/div><\/div><\/div><\/div><\/div><\/div><\/section>\n<\/div>","protected":false},"excerpt":{"rendered":"","protected":false},"author":1,"featured_media":0,"parent":0,"menu_order":0,"comment_status":"closed","ping_status":"closed","template":"","meta":{"footnotes":""},"class_list":["post-8072","page","type-page","status-publish","hentry"],"_links":{"self":[{"href":"http:\/\/megatherm.com.br\/en\/wp-json\/wp\/v2\/pages\/8072","targetHints":{"allow":["GET"]}}],"collection":[{"href":"http:\/\/megatherm.com.br\/en\/wp-json\/wp\/v2\/pages"}],"about":[{"href":"http:\/\/megatherm.com.br\/en\/wp-json\/wp\/v2\/types\/page"}],"author":[{"embeddable":true,"href":"http:\/\/megatherm.com.br\/en\/wp-json\/wp\/v2\/users\/1"}],"replies":[{"embeddable":true,"href":"http:\/\/megatherm.com.br\/en\/wp-json\/wp\/v2\/comments?post=8072"}],"version-history":[{"count":4,"href":"http:\/\/megatherm.com.br\/en\/wp-json\/wp\/v2\/pages\/8072\/revisions"}],"predecessor-version":[{"id":8130,"href":"http:\/\/megatherm.com.br\/en\/wp-json\/wp\/v2\/pages\/8072\/revisions\/8130"}],"wp:attachment":[{"href":"http:\/\/megatherm.com.br\/en\/wp-json\/wp\/v2\/media?parent=8072"}],"curies":[{"name":"wp","href":"https:\/\/api.w.org\/{rel}","templated":true}]}}